{"id":21,"date":"2026-03-15T06:00:00","date_gmt":"2026-03-15T05:00:00","guid":{"rendered":"https:\/\/bs26prod.hfbrandschutz.ch\/index.php\/about\/"},"modified":"2026-03-25T13:29:56","modified_gmt":"2026-03-25T12:29:56","slug":"ueber-uns","status":"publish","type":"page","link":"https:\/\/bs26prod.hfbrandschutz.ch\/index.php\/ueber-uns\/","title":{"rendered":"\u00dcber uns"},"content":{"rendered":"\t\t<div data-elementor-type=\"wp-page\" data-elementor-id=\"21\" class=\"elementor elementor-21\" data-elementor-post-type=\"page\">\n\t\t\t\t\t\t<section class=\"elementor-section elementor-top-section elementor-element elementor-element-2a5bd1e4 elementor-section-boxed elementor-section-height-default elementor-section-height-default\" data-id=\"2a5bd1e4\" data-element_type=\"section\" data-e-type=\"section\">\n\t\t\t\t\t\t<div class=\"elementor-container elementor-column-gap-wider\">\n\t\t\t\t\t<div class=\"elementor-column elementor-col-100 elementor-top-column elementor-element elementor-element-3f45c113\" data-id=\"3f45c113\" data-element_type=\"column\" data-e-type=\"column\">\n\t\t\t<div class=\"elementor-widget-wrap elementor-element-populated\">\n\t\t\t\t\t\t<div class=\"elementor-element elementor-element-ac6608e elementor-widget elementor-widget-heading\" data-id=\"ac6608e\" data-element_type=\"widget\" data-e-type=\"widget\" data-widget_type=\"heading.default\">\n\t\t\t\t\t<h1 class=\"elementor-heading-title elementor-size-default\">\u00dcber uns<\/h1>\t\t\t\t<\/div>\n\t\t\t\t<div class=\"elementor-element elementor-element-b96d792 elementor-widget elementor-widget-spacer\" data-id=\"b96d792\" data-element_type=\"widget\" data-e-type=\"widget\" data-widget_type=\"spacer.default\">\n\t\t\t\t\t\t\t<div class=\"elementor-spacer\">\n\t\t\t<div class=\"elementor-spacer-inner\"><\/div>\n\t\t<\/div>\n\t\t\t\t\t\t<\/div>\n\t\t\t\t<div class=\"elementor-element elementor-element-637be8b elementor-widget elementor-widget-text-editor\" data-id=\"637be8b\" data-element_type=\"widget\" data-e-type=\"widget\" data-widget_type=\"text-editor.default\">\n\t\t\t\t\t\t\t\t\t<p>HF-Brandschutz &amp; Isoliertechnik GmbH steht f\u00fcr fachgerechte L\u00f6sungen, saubere Ausf\u00fchrung und pers\u00f6nliche Betreuung. Seit 2012 begleiten wir Projekte in den Bereichen Brandschutz, W\u00e4rme-, K\u00e4lte- und Schallschutz, L\u00fcftungsisolation sowie Fugenabdichtungen.<\/p>\t\t\t\t\t\t\t\t<\/div>\n\t\t\t\t\t<\/div>\n\t\t<\/div>\n\t\t\t\t\t<\/div>\n\t\t<\/section>\n\t\t\t\t<section class=\"elementor-section elementor-top-section elementor-element elementor-element-7990a56b elementor-section-boxed elementor-section-height-default elementor-section-height-default\" data-id=\"7990a56b\" data-element_type=\"section\" data-e-type=\"section\">\n\t\t\t\t\t\t<div class=\"elementor-container elementor-column-gap-wider\">\n\t\t\t\t\t<div class=\"elementor-column elementor-col-50 elementor-top-column elementor-element elementor-element-278010c1\" data-id=\"278010c1\" data-element_type=\"column\" data-e-type=\"column\">\n\t\t\t<div class=\"elementor-widget-wrap elementor-element-populated\">\n\t\t\t\t\t\t<div class=\"elementor-element elementor-element-1bac3b06 elementor-widget elementor-widget-heading\" data-id=\"1bac3b06\" data-element_type=\"widget\" data-e-type=\"widget\" data-widget_type=\"heading.default\">\n\t\t\t\t\t<h3 class=\"elementor-heading-title elementor-size-default\">Wer wir sind und was wir tun<\/h3>\t\t\t\t<\/div>\n\t\t\t\t<div class=\"elementor-element elementor-element-acf61da elementor-widget elementor-widget-spacer\" data-id=\"acf61da\" data-element_type=\"widget\" data-e-type=\"widget\" data-widget_type=\"spacer.default\">\n\t\t\t\t\t\t\t<div class=\"elementor-spacer\">\n\t\t\t<div class=\"elementor-spacer-inner\"><\/div>\n\t\t<\/div>\n\t\t\t\t\t\t<\/div>\n\t\t\t\t<div class=\"elementor-element elementor-element-7b3cfad2 elementor-widget elementor-widget-text-editor\" data-id=\"7b3cfad2\" data-element_type=\"widget\" data-e-type=\"widget\" data-widget_type=\"text-editor.default\">\n\t\t\t\t\t\t\t\t\t<p>Als Fachbetrieb f\u00fcr Brandschutz und Isoliertechnik stehen wir f\u00fcr Qualit\u00e4t, Zuverl\u00e4ssigkeit und eine saubere handwerkliche Ausf\u00fchrung. Unser Anspruch ist es, f\u00fcr jedes Projekt eine passende L\u00f6sung zu finden \u2013 technisch durchdacht, fachgerecht umgesetzt und langfristig funktionierend.<\/p><p>Wir begleiten unsere Kunden bei Neubauten, Umbauten, Sanierungen sowie bei technischen Anlagen in Gewerbe, Industrie und Geb\u00e4udetechnik. Dabei achten wir nicht nur auf die richtige Materialwahl, sondern auch auf saubere Details, wirtschaftliche L\u00f6sungen und eine zuverl\u00e4ssige Umsetzung vor Ort.<\/p><p>Ob einzelne Abschottung, technische Isolation oder umfassendere Arbeiten im Bereich Isoliertechnik: F\u00fcr uns z\u00e4hlt, dass die L\u00f6sung am Ende nicht nur gut aussieht, sondern im Alltag dauerhaft funktioniert.<\/p>\t\t\t\t\t\t\t\t<\/div>\n\t\t\t\t\t<\/div>\n\t\t<\/div>\n\t\t\t\t<div class=\"elementor-column elementor-col-50 elementor-top-column elementor-element elementor-element-bdd8b9a\" data-id=\"bdd8b9a\" data-element_type=\"column\" data-e-type=\"column\" data-settings=\"{&quot;background_background&quot;:&quot;classic&quot;}\">\n\t\t\t<div class=\"elementor-widget-wrap elementor-element-populated\">\n\t\t\t\t\t\t<div class=\"elementor-element elementor-element-17b47a0 elementor-widget elementor-widget-heading\" data-id=\"17b47a0\" data-element_type=\"widget\" data-e-type=\"widget\" data-widget_type=\"heading.default\">\n\t\t\t\t\t<h3 class=\"elementor-heading-title elementor-size-default\">Wof\u00fcr wir stehen<\/h3>\t\t\t\t<\/div>\n\t\t\t\t<div class=\"elementor-element elementor-element-15eb611 elementor-widget elementor-widget-spacer\" data-id=\"15eb611\" data-element_type=\"widget\" data-e-type=\"widget\" data-widget_type=\"spacer.default\">\n\t\t\t\t\t\t\t<div class=\"elementor-spacer\">\n\t\t\t<div class=\"elementor-spacer-inner\"><\/div>\n\t\t<\/div>\n\t\t\t\t\t\t<\/div>\n\t\t\t\t<div class=\"elementor-element elementor-element-32f3eba elementor-widget elementor-widget-text-editor\" data-id=\"32f3eba\" data-element_type=\"widget\" data-e-type=\"widget\" data-widget_type=\"text-editor.default\">\n\t\t\t\t\t\t\t\t\t<p>Seit 2012 pers\u00f6nlich f\u00fcr unsere Kunden da<br \/>Fachgerechte L\u00f6sungen in mehreren Spezialbereichen<br \/>Saubere, zuverl\u00e4ssige und pr\u00e4zise Ausf\u00fchrung<br \/>Begleitung von der Planung bis zur Umsetzung<br \/>Qualit\u00e4t, auf die man sich verlassen kann<\/p>\t\t\t\t\t\t\t\t<\/div>\n\t\t\t\t\t<\/div>\n\t\t<\/div>\n\t\t\t\t\t<\/div>\n\t\t<\/section>\n\t\t\t\t<section class=\"elementor-section elementor-top-section elementor-element elementor-element-2d5ae991 elementor-section-content-middle elementor-section-boxed elementor-section-height-default elementor-section-height-default\" data-id=\"2d5ae991\" data-element_type=\"section\" data-e-type=\"section\">\n\t\t\t\t\t\t<div class=\"elementor-container elementor-column-gap-wider\">\n\t\t\t\t\t<div class=\"elementor-column elementor-col-25 elementor-top-column elementor-element elementor-element-ba4daf6\" data-id=\"ba4daf6\" data-element_type=\"column\" data-e-type=\"column\">\n\t\t\t<div class=\"elementor-widget-wrap elementor-element-populated\">\n\t\t\t\t\t\t<div class=\"elementor-element elementor-element-bab613b elementor-view-default elementor-widget elementor-widget-icon\" data-id=\"bab613b\" data-element_type=\"widget\" data-e-type=\"widget\" data-widget_type=\"icon.default\">\n\t\t\t\t\t\t\t<div class=\"elementor-icon-wrapper\">\n\t\t\t<div class=\"elementor-icon\">\n\t\t\t<i aria-hidden=\"true\" class=\"feather feather-calendar\"><\/i>\t\t\t<\/div>\n\t\t<\/div>\n\t\t\t\t\t\t<\/div>\n\t\t\t\t<div class=\"elementor-element elementor-element-eb30d75 elementor-widget elementor-widget-counter\" data-id=\"eb30d75\" data-element_type=\"widget\" data-e-type=\"widget\" data-widget_type=\"counter.default\">\n\t\t\t\t\t\t\t<div class=\"elementor-counter\">\n\t\t\t<div class=\"elementor-counter-title\">Erfahrung und Fachkompetenz<\/div>\t\t\t<div class=\"elementor-counter-number-wrapper\">\n\t\t\t\t<span class=\"elementor-counter-number-prefix\"><\/span>\n\t\t\t\t<span class=\"elementor-counter-number\" data-duration=\"2000\" data-to-value=\"20\" data-from-value=\"0\" data-delimiter=\",\">0<\/span>\n\t\t\t\t<span class=\"elementor-counter-number-suffix\">+<\/span>\n\t\t\t<\/div>\n\t\t<\/div>\n\t\t\t\t\t\t<\/div>\n\t\t\t\t\t<\/div>\n\t\t<\/div>\n\t\t\t\t<div class=\"elementor-column elementor-col-25 elementor-top-column elementor-element elementor-element-9ed897b\" data-id=\"9ed897b\" data-element_type=\"column\" data-e-type=\"column\">\n\t\t\t<div class=\"elementor-widget-wrap elementor-element-populated\">\n\t\t\t\t\t\t<div class=\"elementor-element elementor-element-e88964f elementor-view-default elementor-widget elementor-widget-icon\" data-id=\"e88964f\" data-element_type=\"widget\" data-e-type=\"widget\" data-widget_type=\"icon.default\">\n\t\t\t\t\t\t\t<div class=\"elementor-icon-wrapper\">\n\t\t\t<div class=\"elementor-icon\">\n\t\t\t<i aria-hidden=\"true\" class=\"feather feather-users\"><\/i>\t\t\t<\/div>\n\t\t<\/div>\n\t\t\t\t\t\t<\/div>\n\t\t\t\t<div class=\"elementor-element elementor-element-fa778bd elementor-widget elementor-widget-counter\" data-id=\"fa778bd\" data-element_type=\"widget\" data-e-type=\"widget\" data-widget_type=\"counter.default\">\n\t\t\t\t\t\t\t<div class=\"elementor-counter\">\n\t\t\t<div class=\"elementor-counter-title\">Alles aus einer Hand<\/div>\t\t\t<div class=\"elementor-counter-number-wrapper\">\n\t\t\t\t<span class=\"elementor-counter-number-prefix\"><\/span>\n\t\t\t\t<span class=\"elementor-counter-number\" data-duration=\"2000\" data-to-value=\"5\" data-from-value=\"0\" data-delimiter=\",\">0<\/span>\n\t\t\t\t<span class=\"elementor-counter-number-suffix\"><\/span>\n\t\t\t<\/div>\n\t\t<\/div>\n\t\t\t\t\t\t<\/div>\n\t\t\t\t\t<\/div>\n\t\t<\/div>\n\t\t\t\t<div class=\"elementor-column elementor-col-25 elementor-top-column elementor-element elementor-element-280592f1\" data-id=\"280592f1\" data-element_type=\"column\" data-e-type=\"column\">\n\t\t\t<div class=\"elementor-widget-wrap elementor-element-populated\">\n\t\t\t\t\t\t<div class=\"elementor-element elementor-element-d17225a elementor-view-default elementor-widget elementor-widget-icon\" data-id=\"d17225a\" data-element_type=\"widget\" data-e-type=\"widget\" data-widget_type=\"icon.default\">\n\t\t\t\t\t\t\t<div class=\"elementor-icon-wrapper\">\n\t\t\t<div class=\"elementor-icon\">\n\t\t\t<i aria-hidden=\"true\" class=\"feather feather-briefcase\"><\/i>\t\t\t<\/div>\n\t\t<\/div>\n\t\t\t\t\t\t<\/div>\n\t\t\t\t<div class=\"elementor-element elementor-element-0c9af71 elementor-widget elementor-widget-counter\" data-id=\"0c9af71\" data-element_type=\"widget\" data-e-type=\"widget\" data-widget_type=\"counter.default\">\n\t\t\t\t\t\t\t<div class=\"elementor-counter\">\n\t\t\t<div class=\"elementor-counter-title\">Pers\u00f6nlich und zuverl\u00e4ssig<\/div>\t\t\t<div class=\"elementor-counter-number-wrapper\">\n\t\t\t\t<span class=\"elementor-counter-number-prefix\"><\/span>\n\t\t\t\t<span class=\"elementor-counter-number\" data-duration=\"2000\" data-to-value=\"100\" data-from-value=\"0\" data-delimiter=\",\">0<\/span>\n\t\t\t\t<span class=\"elementor-counter-number-suffix\">%<\/span>\n\t\t\t<\/div>\n\t\t<\/div>\n\t\t\t\t\t\t<\/div>\n\t\t\t\t\t<\/div>\n\t\t<\/div>\n\t\t\t\t<div class=\"elementor-column elementor-col-25 elementor-top-column elementor-element elementor-element-25a8128f\" data-id=\"25a8128f\" data-element_type=\"column\" data-e-type=\"column\">\n\t\t\t<div class=\"elementor-widget-wrap elementor-element-populated\">\n\t\t\t\t\t\t<div class=\"elementor-element elementor-element-c171b8b elementor-view-default elementor-widget elementor-widget-icon\" data-id=\"c171b8b\" data-element_type=\"widget\" data-e-type=\"widget\" data-widget_type=\"icon.default\">\n\t\t\t\t\t\t\t<div class=\"elementor-icon-wrapper\">\n\t\t\t<div class=\"elementor-icon\">\n\t\t\t<i aria-hidden=\"true\" class=\"feather feather-award\"><\/i>\t\t\t<\/div>\n\t\t<\/div>\n\t\t\t\t\t\t<\/div>\n\t\t\t\t<div class=\"elementor-element elementor-element-61a6fa7 elementor-widget elementor-widget-counter\" data-id=\"61a6fa7\" data-element_type=\"widget\" data-e-type=\"widget\" data-widget_type=\"counter.default\">\n\t\t\t\t\t\t\t<div class=\"elementor-counter\">\n\t\t\t<div class=\"elementor-counter-title\">Saubere Ausf\u00fchrung mit System<\/div>\t\t\t<div class=\"elementor-counter-number-wrapper\">\n\t\t\t\t<span class=\"elementor-counter-number-prefix\"><\/span>\n\t\t\t\t<span class=\"elementor-counter-number\" data-duration=\"2000\" data-to-value=\"100\" data-from-value=\"0\" data-delimiter=\",\">0<\/span>\n\t\t\t\t<span class=\"elementor-counter-number-suffix\">%<\/span>\n\t\t\t<\/div>\n\t\t<\/div>\n\t\t\t\t\t\t<\/div>\n\t\t\t\t\t<\/div>\n\t\t<\/div>\n\t\t\t\t\t<\/div>\n\t\t<\/section>\n\t\t\t\t<section class=\"elementor-section elementor-top-section elementor-element elementor-element-5e1cb31 elementor-section-boxed elementor-section-height-default elementor-section-height-default\" data-id=\"5e1cb31\" data-element_type=\"section\" data-e-type=\"section\">\n\t\t\t\t\t\t<div class=\"elementor-container elementor-column-gap-wider\">\n\t\t\t\t\t<div class=\"elementor-column elementor-col-50 elementor-top-column elementor-element elementor-element-a1b1d2a\" data-id=\"a1b1d2a\" data-element_type=\"column\" data-e-type=\"column\">\n\t\t\t<div class=\"elementor-widget-wrap elementor-element-populated\">\n\t\t\t\t\t\t<div class=\"elementor-element elementor-element-36619aa elementor-widget elementor-widget-image\" data-id=\"36619aa\" data-element_type=\"widget\" data-e-type=\"widget\" data-settings=\"{&quot;motion_fx_motion_fx_scrolling&quot;:&quot;yes&quot;,&quot;motion_fx_devices&quot;:[&quot;desktop&quot;,&quot;tablet&quot;,&quot;mobile&quot;]}\" data-widget_type=\"image.default\">\n\t\t\t\t\t\t\t\t\t\t\t\t\t\t\t<img fetchpriority=\"high\" decoding=\"async\" width=\"1024\" height=\"751\" src=\"https:\/\/bs26prod.hfbrandschutz.ch\/wp-content\/uploads\/2026\/03\/hf_1500x1100px-Team-1-1024x751.jpg\" class=\"attachment-large size-large wp-image-6555\" alt=\"\" srcset=\"https:\/\/bs26prod.hfbrandschutz.ch\/wp-content\/uploads\/2026\/03\/hf_1500x1100px-Team-1-1024x751.jpg 1024w, https:\/\/bs26prod.hfbrandschutz.ch\/wp-content\/uploads\/2026\/03\/hf_1500x1100px-Team-1-300x220.jpg 300w, https:\/\/bs26prod.hfbrandschutz.ch\/wp-content\/uploads\/2026\/03\/hf_1500x1100px-Team-1-768x563.jpg 768w, https:\/\/bs26prod.hfbrandschutz.ch\/wp-content\/uploads\/2026\/03\/hf_1500x1100px-Team-1.jpg 1500w\" sizes=\"(max-width: 1024px) 100vw, 1024px\" \/>\t\t\t\t\t\t\t\t\t\t\t\t\t\t\t<\/div>\n\t\t\t\t<div class=\"elementor-element elementor-element-a0c97f0 elementor-widget elementor-widget-image\" data-id=\"a0c97f0\" data-element_type=\"widget\" data-e-type=\"widget\" data-settings=\"{&quot;motion_fx_motion_fx_scrolling&quot;:&quot;yes&quot;,&quot;motion_fx_devices&quot;:[&quot;desktop&quot;,&quot;tablet&quot;,&quot;mobile&quot;]}\" data-widget_type=\"image.default\">\n\t\t\t\t\t\t\t\t\t\t\t\t\t\t\t<img decoding=\"async\" width=\"1024\" height=\"751\" src=\"https:\/\/bs26prod.hfbrandschutz.ch\/wp-content\/uploads\/2026\/03\/hf_1500x1100px-Team-2-1024x751.jpg\" class=\"attachment-large size-large wp-image-6559\" alt=\"\" srcset=\"https:\/\/bs26prod.hfbrandschutz.ch\/wp-content\/uploads\/2026\/03\/hf_1500x1100px-Team-2-1024x751.jpg 1024w, https:\/\/bs26prod.hfbrandschutz.ch\/wp-content\/uploads\/2026\/03\/hf_1500x1100px-Team-2-300x220.jpg 300w, https:\/\/bs26prod.hfbrandschutz.ch\/wp-content\/uploads\/2026\/03\/hf_1500x1100px-Team-2-768x563.jpg 768w, https:\/\/bs26prod.hfbrandschutz.ch\/wp-content\/uploads\/2026\/03\/hf_1500x1100px-Team-2.jpg 1500w\" sizes=\"(max-width: 1024px) 100vw, 1024px\" \/>\t\t\t\t\t\t\t\t\t\t\t\t\t\t\t<\/div>\n\t\t\t\t\t<\/div>\n\t\t<\/div>\n\t\t\t\t<div class=\"elementor-column elementor-col-50 elementor-top-column elementor-element elementor-element-b6e7a78\" data-id=\"b6e7a78\" data-element_type=\"column\" data-e-type=\"column\">\n\t\t\t<div class=\"elementor-widget-wrap elementor-element-populated\">\n\t\t\t\t\t\t<div class=\"elementor-element elementor-element-9cbee4e elementor-widget elementor-widget-image\" data-id=\"9cbee4e\" data-element_type=\"widget\" data-e-type=\"widget\" data-settings=\"{&quot;motion_fx_motion_fx_scrolling&quot;:&quot;yes&quot;,&quot;motion_fx_devices&quot;:[&quot;desktop&quot;,&quot;tablet&quot;,&quot;mobile&quot;]}\" data-widget_type=\"image.default\">\n\t\t\t\t\t\t\t\t\t\t\t\t\t\t\t<img decoding=\"async\" width=\"768\" height=\"1024\" src=\"https:\/\/bs26prod.hfbrandschutz.ch\/wp-content\/uploads\/2026\/03\/hf_900x1200px-Team-3-768x1024.jpg\" class=\"attachment-large size-large wp-image-6566\" alt=\"\" srcset=\"https:\/\/bs26prod.hfbrandschutz.ch\/wp-content\/uploads\/2026\/03\/hf_900x1200px-Team-3-768x1024.jpg 768w, https:\/\/bs26prod.hfbrandschutz.ch\/wp-content\/uploads\/2026\/03\/hf_900x1200px-Team-3-225x300.jpg 225w, https:\/\/bs26prod.hfbrandschutz.ch\/wp-content\/uploads\/2026\/03\/hf_900x1200px-Team-3.jpg 900w\" sizes=\"(max-width: 768px) 100vw, 768px\" \/>\t\t\t\t\t\t\t\t\t\t\t\t\t\t\t<\/div>\n\t\t\t\t\t<\/div>\n\t\t<\/div>\n\t\t\t\t\t<\/div>\n\t\t<\/section>\n\t\t\t\t<section class=\"elementor-section elementor-top-section elementor-element elementor-element-913fc3c elementor-section-boxed elementor-section-height-default elementor-section-height-default\" data-id=\"913fc3c\" data-element_type=\"section\" data-e-type=\"section\">\n\t\t\t\t\t\t<div class=\"elementor-container elementor-column-gap-no\">\n\t\t\t\t\t<div class=\"elementor-column elementor-col-100 elementor-top-column elementor-element elementor-element-0294e73\" data-id=\"0294e73\" data-element_type=\"column\" data-e-type=\"column\" data-settings=\"{&quot;background_background&quot;:&quot;classic&quot;}\">\n\t\t\t<div class=\"elementor-widget-wrap elementor-element-populated\">\n\t\t\t\t\t\t<section class=\"elementor-section elementor-inner-section elementor-element elementor-element-cfcb20b elementor-section-boxed elementor-section-height-default elementor-section-height-default\" data-id=\"cfcb20b\" data-element_type=\"section\" data-e-type=\"section\" data-settings=\"{&quot;background_background&quot;:&quot;classic&quot;}\">\n\t\t\t\t\t\t<div class=\"elementor-container elementor-column-gap-wider\">\n\t\t\t\t\t<div class=\"elementor-column elementor-col-50 elementor-inner-column elementor-element elementor-element-1ab1cda\" data-id=\"1ab1cda\" data-element_type=\"column\" data-e-type=\"column\">\n\t\t\t<div class=\"elementor-widget-wrap elementor-element-populated\">\n\t\t\t\t\t\t<div class=\"elementor-element elementor-element-d3a3740 elementor-widget elementor-widget-heading\" data-id=\"d3a3740\" data-element_type=\"widget\" data-e-type=\"widget\" data-widget_type=\"heading.default\">\n\t\t\t\t\t<h3 class=\"elementor-heading-title elementor-size-default\"><span class=\"paint-accent-color\">Planen Sie ein Projekt oder m\u00f6chten Sie uns kennenlernen?<\/span> Gerne unterst\u00fctzen wir Sie bei Ihrem Vorhaben und beraten Sie pers\u00f6nlich zu passenden L\u00f6sungen im Bereich Brandschutz und Isoliertechnik.<\/h3>\t\t\t\t<\/div>\n\t\t\t\t\t<\/div>\n\t\t<\/div>\n\t\t\t\t<div class=\"elementor-column elementor-col-50 elementor-inner-column elementor-element elementor-element-75daab7\" data-id=\"75daab7\" data-element_type=\"column\" data-e-type=\"column\">\n\t\t\t<div class=\"elementor-widget-wrap elementor-element-populated\">\n\t\t\t\t\t\t<div class=\"elementor-element elementor-element-6ac4c99 elementor-align-justify elementor-widget elementor-widget-the7_button_widget\" data-id=\"6ac4c99\" data-element_type=\"widget\" data-e-type=\"widget\" data-widget_type=\"the7_button_widget.default\">\n\t\t\t\t<div class=\"elementor-widget-container\">\n\t\t\t\t\t<div class=\"elementor-button-wrapper\"><a href=\"\/index.php\/kontakt\/\" class=\"box-button elementor-button elementor-size-xl\">Jetzt Kontakt aufnehmen<\/a><\/div>\t\t\t\t<\/div>\n\t\t\t\t<\/div>\n\t\t\t\t\t<\/div>\n\t\t<\/div>\n\t\t\t\t\t<\/div>\n\t\t<\/section>\n\t\t\t\t\t<\/div>\n\t\t<\/div>\n\t\t\t\t\t<\/div>\n\t\t<\/section>\n\t\t\t\t<\/div>\n\t\t","protected":false},"excerpt":{"rendered":"<p>\u00dcber uns HF-Brandschutz &amp; Isoliertechnik GmbH steht f\u00fcr fachgerechte L\u00f6sungen, saubere Ausf\u00fchrung und pers\u00f6nliche Betreuung. Seit 2012 begleiten wir Projekte in den Bereichen Brandschutz, W\u00e4rme-, K\u00e4lte- und Schallschutz, L\u00fcftungsisolation sowie Fugenabdichtungen. Wer wir sind und was wir tun Als Fachbetrieb f\u00fcr Brandschutz und Isoliertechnik stehen wir f\u00fcr Qualit\u00e4t, Zuverl\u00e4ssigkeit und eine saubere handwerkliche Ausf\u00fchrung. Unser&hellip;<\/p>\n","protected":false},"author":1,"featured_media":0,"parent":0,"menu_order":20,"comment_status":"closed","ping_status":"closed","template":"","meta":{"footnotes":""},"class_list":["post-21","page","type-page","status-publish","hentry"],"_links":{"self":[{"href":"https:\/\/bs26prod.hfbrandschutz.ch\/index.php\/wp-json\/wp\/v2\/pages\/21","targetHints":{"allow":["GET"]}}],"collection":[{"href":"https:\/\/bs26prod.hfbrandschutz.ch\/index.php\/wp-json\/wp\/v2\/pages"}],"about":[{"href":"https:\/\/bs26prod.hfbrandschutz.ch\/index.php\/wp-json\/wp\/v2\/types\/page"}],"author":[{"embeddable":true,"href":"https:\/\/bs26prod.hfbrandschutz.ch\/index.php\/wp-json\/wp\/v2\/users\/1"}],"replies":[{"embeddable":true,"href":"https:\/\/bs26prod.hfbrandschutz.ch\/index.php\/wp-json\/wp\/v2\/comments?post=21"}],"version-history":[{"count":2,"href":"https:\/\/bs26prod.hfbrandschutz.ch\/index.php\/wp-json\/wp\/v2\/pages\/21\/revisions"}],"predecessor-version":[{"id":6587,"href":"https:\/\/bs26prod.hfbrandschutz.ch\/index.php\/wp-json\/wp\/v2\/pages\/21\/revisions\/6587"}],"wp:attachment":[{"href":"https:\/\/bs26prod.hfbrandschutz.ch\/index.php\/wp-json\/wp\/v2\/media?parent=21"}],"curies":[{"name":"wp","href":"https:\/\/api.w.org\/{rel}","templated":true}]}}